{"id":582,"date":"2022-05-16T11:01:22","date_gmt":"2022-05-16T09:01:22","guid":{"rendered":"http:\/\/hotelmartinez-balaruc.fr\/?page_id=582"},"modified":"2022-07-19T11:44:22","modified_gmt":"2022-07-19T09:44:22","slug":"nos-chambres","status":"publish","type":"page","link":"https:\/\/hotelmartinez-balaruc.fr\/en\/nos-chambres\/","title":{"rendered":"Our rooms"},"content":{"rendered":"<h2>\r\n\t\t\t\tNothing but comfort for you.\r\n\t\t\t<\/h2>\r\n\t\t\t<p>Discover the comfort of our luxury rooms, all equipped, for a stay close to your expectations.<\/p>\t\r\n\t\t\t\t<img decoding=\"async\" src=\"http:\/\/hotelmartinez-balaruc.fr\/wp-content\/uploads\/2022\/05\/chambre-single.jpg\" alt=\"chambre-single\"\/>\r\n\t\t\t<h3>Single room<\/h3>\r\n\t\t<a href=\"http:\/\/hotelmartinez-balaruc.fr\/en\/chambre-single\/\" target=\"_self\" aria-label=\"Go to http:\/\/hotelmartinez-balaruc.fr\/chambre-single\/\" rel=\"noopener\"><\/a>\r\n\t\t\t\t<img decoding=\"async\" src=\"http:\/\/hotelmartinez-balaruc.fr\/wp-content\/uploads\/2022\/05\/chambre-confort.jpg\" alt=\"chambre-confort\"\/>\r\n\t\t\t<h3>Comfort Room<\/h3>\r\n\t\t<a href=\"http:\/\/hotelmartinez-balaruc.fr\/en\/chambre-confort\/\" target=\"_self\" aria-label=\"Go to http:\/\/hotelmartinez-balaruc.fr\/chambre-confort\/\" rel=\"noopener\"><\/a>\r\n\t\t\t\t<img decoding=\"async\" src=\"http:\/\/hotelmartinez-balaruc.fr\/wp-content\/uploads\/2022\/05\/chambre-superieur.jpg\" alt=\"chambre-superieur\"\/>\r\n\t\t\t<h3>Superior Room<\/h3>\r\n\t\t<a href=\"http:\/\/hotelmartinez-balaruc.fr\/en\/chambre-superieure\/\" target=\"_self\" aria-label=\"Go to http:\/\/hotelmartinez-balaruc.fr\/chambre-superieure\/\" rel=\"noopener\"><\/a>\r\n<h4>\r\n\t\tAll our rooms are equipped with :\r\n\t<\/h4>\r\n\t<ul>\r\n\t\t<li>\t\t\t\t\r\n\t\t<p>Free Wi-Fi<\/p><\/li><li>\t\t\t\t\r\n\t\t<p>Telephone<\/p><\/li><li>\t\t\t\t\r\n\t\t<p>Television<\/p><\/li><li>\t\t\t\t\r\n\t\t<p>Air conditioning<\/p><\/li>\t<\/ul>\r\n\t<em>We provide a reading room and an internet area (computer, printer).<br \/>\r\nThe management takes care of all the formalities for booking cures (thermal baths, doctors).<\/em>\r\n\t\t\t\t<img loading=\"lazy\" decoding=\"async\" src=\"http:\/\/hotelmartinez-balaruc.fr\/wp-content\/uploads\/2022\/05\/separateur.jpg\" alt=\"separateur\" itemprop=\"image\" height=\"24\" width=\"252\" title=\"separator\" onerror=\"this.style.display='none'\"  \/>\r\n\t<h2>\r\n\t\t\t\tOur restaurant\r\n\t\t\t<\/h2>\r\n\t<p>We are located just a few minutes from the new spa centre. Held for 3 generations, this mansion of the\u00a0<strong>16th century<\/strong>offers you quality dishes <strong>home-made<\/strong>.<\/p>\r\n\t\t\t\t<img loading=\"lazy\" decoding=\"async\" src=\"http:\/\/hotelmartinez-balaruc.fr\/wp-content\/uploads\/2022\/05\/photo6.jpg\" alt=\"photo6\" itemprop=\"image\" height=\"600\" width=\"800\" title=\"photo6\" onerror=\"this.style.display='none'\"  \/>\r\n\t<h3>\r\n\t\t\t\tOur map\r\n\t\t\t<\/h3>\r\n\t\t\t<p>We offer a variety of menus with shellfish, fish and meat. All our dishes are home made. Services on the terrace or in the garden during the summer. The restaurant is open to people from outside the hotel.<br \/>It is also possible to order our starters, main courses and desserts \u00e0 la carte.<\/p>\t\r\n\t\t\t<a href=\"http:\/\/hotelmartinez-balaruc.fr\/en\/le-restaurant\/\" target=\"_self\" role=\"button\" aria-label=\"Read more\" rel=\"noopener\">\r\n\t\t\t\t\t\t\tRead more\r\n\t\t<\/a>","protected":false},"excerpt":{"rendered":"<p>Rien que du confort, pour vous. D\u00e9couvrez le confort de nos chambres de standing, toutes \u00e9quip\u00e9es, pour un s\u00e9jour au plus pr\u00e8s de vos attentes. Chambre Single Chambre Confort Chambre Sup\u00e9rieure Toutes nos chambres sont \u00e9quip\u00e9es : Wi-Fi gratuit T\u00e9l\u00e9phone T\u00e9l\u00e9vision Climatisation Nous mettons \u00e0 disposition un salon de lecture ainsi qu&rsquo;un espace internet (ordinateur, [&hellip;]<\/p>\n","protected":false},"author":2,"featured_media":446,"parent":0,"menu_order":0,"comment_status":"closed","ping_status":"closed","template":"","meta":{"_seopress_robots_primary_cat":"","_seopress_titles_title":"","_seopress_titles_desc":"D\u00e9couvrez le confort de nos chambres de standing, toutes \u00e9quip\u00e9es, pour un s\u00e9jour au plus pr\u00e8s de vos attentes. Nous nous situons \u00e0 quelques minutes du nouveau centre thermal.","_seopress_robots_index":"","inline_featured_image":false,"site-sidebar-layout":"no-sidebar","site-content-layout":"page-builder","ast-site-content-layout":"default","site-content-style":"default","site-sidebar-style":"default","ast-global-header-display":"","ast-banner-title-visibility":"","ast-main-header-display":"","ast-hfb-above-header-display":"","ast-hfb-below-header-display":"","ast-hfb-mobile-header-display":"","site-post-title":"disabled","ast-breadcrumbs-content":"","ast-featured-img":"disabled","footer-sml-layout":"","ast-disable-related-posts":"","theme-transparent-header-meta":"default","adv-header-id-meta":"","stick-header-meta":"default","header-above-stick-meta":"","header-main-stick-meta":"","header-below-stick-meta":"","astra-migrate-meta-layouts":"default","ast-page-background-enabled":"default","ast-page-background-meta":{"desktop":{"background-color":"","background-image":"","background-repeat":"repeat","background-position":"center center","background-size":"auto","background-attachment":"scroll","background-type":"","background-media":"","overlay-type":"","overlay-color":"","overlay-opacity":"","overlay-gradient":""},"tablet":{"background-color":"","background-image":"","background-repeat":"repeat","background-position":"center center","background-size":"auto","background-attachment":"scroll","background-type":"","background-media":"","overlay-type":"","overlay-color":"","overlay-opacity":"","overlay-gradient":""},"mobile":{"background-color":"","background-image":"","background-repeat":"repeat","background-position":"center center","background-size":"auto","background-attachment":"scroll","background-type":"","background-media":"","overlay-type":"","overlay-color":"","overlay-opacity":"","overlay-gradient":""}},"ast-content-background-meta":{"desktop":{"background-color":"var(--ast-global-color-5)","background-image":"","background-repeat":"repeat","background-position":"center center","background-size":"auto","background-attachment":"scroll","background-type":"","background-media":"","overlay-type":"","overlay-color":"","overlay-opacity":"","overlay-gradient":""},"tablet":{"background-color":"var(--ast-global-color-5)","background-image":"","background-repeat":"repeat","background-position":"center center","background-size":"auto","background-attachment":"scroll","background-type":"","background-media":"","overlay-type":"","overlay-color":"","overlay-opacity":"","overlay-gradient":""},"mobile":{"background-color":"var(--ast-global-color-5)","background-image":"","background-repeat":"repeat","background-position":"center center","background-size":"auto","background-attachment":"scroll","background-type":"","background-media":"","overlay-type":"","overlay-color":"","overlay-opacity":"","overlay-gradient":""}},"footnotes":""},"class_list":["post-582","page","type-page","status-publish","has-post-thumbnail","hentry"],"_links":{"self":[{"href":"https:\/\/hotelmartinez-balaruc.fr\/en\/wp-json\/wp\/v2\/pages\/582","targetHints":{"allow":["GET"]}}],"collection":[{"href":"https:\/\/hotelmartinez-balaruc.fr\/en\/wp-json\/wp\/v2\/pages"}],"about":[{"href":"https:\/\/hotelmartinez-balaruc.fr\/en\/wp-json\/wp\/v2\/types\/page"}],"author":[{"embeddable":true,"href":"https:\/\/hotelmartinez-balaruc.fr\/en\/wp-json\/wp\/v2\/users\/2"}],"replies":[{"embeddable":true,"href":"https:\/\/hotelmartinez-balaruc.fr\/en\/wp-json\/wp\/v2\/comments?post=582"}],"version-history":[{"count":0,"href":"https:\/\/hotelmartinez-balaruc.fr\/en\/wp-json\/wp\/v2\/pages\/582\/revisions"}],"wp:featuredmedia":[{"embeddable":true,"href":"https:\/\/hotelmartinez-balaruc.fr\/en\/wp-json\/wp\/v2\/media\/446"}],"wp:attachment":[{"href":"https:\/\/hotelmartinez-balaruc.fr\/en\/wp-json\/wp\/v2\/media?parent=582"}],"curies":[{"name":"wp","href":"https:\/\/api.w.org\/{rel}","templated":true}]}}