{"id":554,"date":"2022-05-13T15:13:10","date_gmt":"2022-05-13T13:13:10","guid":{"rendered":"http:\/\/hotelmartinez-balaruc.fr\/?page_id=554"},"modified":"2022-05-13T15:42:44","modified_gmt":"2022-05-13T13:42:44","slug":"menu-4","status":"publish","type":"page","link":"https:\/\/hotelmartinez-balaruc.fr\/en\/menu-4\/","title":{"rendered":"Menu 4"},"content":{"rendered":"<h2>\n\t\t\t\tMenu \u00c9t\u00e9 &#8211; 22\u20ac\n\t\t\t<\/h2>\n\t<p>Come and discover new flavours in our restaurant<\/p>\n\t<h4>\n\t\t\t\tMise en bouche\n\t\t\t<\/h4>\n\t\t\t\t\t\t\t\t\t\tTomate mozzarella di Bufala au Pesto\t\t\t\t\t\t\t\t\t\n\t\t\t\t\t\t\t\t\t\tHu\u00eetres de Bouzigues (8 pi\u00e8ces)\t\t\t\t\t\t\t\t\t\n\t\t\t\t<img loading=\"lazy\" decoding=\"async\" src=\"http:\/\/hotelmartinez-balaruc.fr\/wp-content\/uploads\/2022\/05\/separateur.jpg\" alt=\"separateur\" itemprop=\"image\" height=\"24\" width=\"252\" title=\"separator\" onerror=\"this.style.display='none'\"  \/>\n\t<h4>\n\t\t\t\tYour choice\n\t\t\t<\/h4>\n\t\t\t\t\t\t\t\t\t\tFillet of sea bream, leek fondue Turmeric\t\t\t\t\t\t\t\t\t\n\t\t\t\t\t\t\t\t<p>With its truffled poultry fondant &amp; its garnish<\/p>\t\t\t\t\t\t\t\t\n\t\t\t\t\t\t\t\t\t\tSalami de canard \u00e0 l&rsquo;orange\t\t\t\t\t\t\t\t\t\n\t\t\t\t\t\t\t\t<p>With its truffled poultry fondant &amp; its garnish<\/p>\t\t\t\t\t\t\t\t\n\t\t\t\t\t\t\t\t\t\tEntrecote with thyme sauce (+2\u20ac)\t\t\t\t\t\t\t\t\t\n\t\t\t\t\t\t\t\t<p>With its truffled poultry fondant &amp; its garnish<\/p>\t\t\t\t\t\t\t\t\n\t\t\t\t<img loading=\"lazy\" decoding=\"async\" src=\"http:\/\/hotelmartinez-balaruc.fr\/wp-content\/uploads\/2022\/05\/separateur.jpg\" alt=\"separateur\" itemprop=\"image\" height=\"24\" width=\"252\" title=\"separator\" onerror=\"this.style.display='none'\"  \/>\n\t<h4>\n\t\t\t\tCheeses\n\t\t\t<\/h4>\n\t\t\t\t\t\t\t\t\t\tCheese platter\t\t\t\t\t\t\t\t\t\n\t\t\t\t<img loading=\"lazy\" decoding=\"async\" src=\"http:\/\/hotelmartinez-balaruc.fr\/wp-content\/uploads\/2022\/05\/separateur.jpg\" alt=\"separateur\" itemprop=\"image\" height=\"24\" width=\"252\" title=\"separator\" onerror=\"this.style.display='none'\"  \/>\n\t<h4>\n\t\t\t\tDesserts\n\t\t\t<\/h4>\n\t\t\t\t\t\t\t\t\t\tFlan maison\t\t\t\t\t\t\t\t\t\n\t\t\t\t\t\t\t\t\t\tSorbet (2 boules)\t\t\t\t\t\t\t\t\t\n\t<p><em>\"All our fish are accompanied by prawns with knives according to availability.<\/em><\/p>","protected":false},"excerpt":{"rendered":"<p>Menu \u00c9t\u00e9 &#8211; 22\u20ac Venez d\u00e9couvrir de nouvelles saveurs dans notre restaurant Mise en bouche Tomate mozzarella di Bufala au Pesto Hu\u00eetres de Bouzigues (8 pi\u00e8ces) Au choix Filet de Daurade, fondue de poireaux Curcuma Avec son fondant de volailles truff\u00e9s &amp; sa garniture Salami de canard \u00e0 l&rsquo;orange Avec son fondant de volailles truff\u00e9s [&hellip;]<\/p>\n","protected":false},"author":2,"featured_media":550,"parent":0,"menu_order":0,"comment_status":"closed","ping_status":"closed","template":"","meta":{"_seopress_robots_primary_cat":"","_seopress_titles_title":"","_seopress_titles_desc":"","_seopress_robots_index":"","inline_featured_image":false,"site-sidebar-layout":"no-sidebar","site-content-layout":"page-builder","ast-site-content-layout":"default","site-content-style":"default","site-sidebar-style":"default","ast-global-header-display":"","ast-banner-title-visibility":"","ast-main-header-display":"","ast-hfb-above-header-display":"","ast-hfb-below-header-display":"","ast-hfb-mobile-header-display":"","site-post-title":"disabled","ast-breadcrumbs-content":"","ast-featured-img":"disabled","footer-sml-layout":"","ast-disable-related-posts":"","theme-transparent-header-meta":"default","adv-header-id-meta":"","stick-header-meta":"default","header-above-stick-meta":"","header-main-stick-meta":"","header-below-stick-meta":"","astra-migrate-meta-layouts":"default","ast-page-background-enabled":"default","ast-page-background-meta":{"desktop":{"background-color":"","background-image":"","background-repeat":"repeat","background-position":"center center","background-size":"auto","background-attachment":"scroll","background-type":"","background-media":"","overlay-type":"","overlay-color":"","overlay-opacity":"","overlay-gradient":""},"tablet":{"background-color":"","background-image":"","background-repeat":"repeat","background-position":"center center","background-size":"auto","background-attachment":"scroll","background-type":"","background-media":"","overlay-type":"","overlay-color":"","overlay-opacity":"","overlay-gradient":""},"mobile":{"background-color":"","background-image":"","background-repeat":"repeat","background-position":"center center","background-size":"auto","background-attachment":"scroll","background-type":"","background-media":"","overlay-type":"","overlay-color":"","overlay-opacity":"","overlay-gradient":""}},"ast-content-background-meta":{"desktop":{"background-color":"var(--ast-global-color-5)","background-image":"","background-repeat":"repeat","background-position":"center center","background-size":"auto","background-attachment":"scroll","background-type":"","background-media":"","overlay-type":"","overlay-color":"","overlay-opacity":"","overlay-gradient":""},"tablet":{"background-color":"var(--ast-global-color-5)","background-image":"","background-repeat":"repeat","background-position":"center center","background-size":"auto","background-attachment":"scroll","background-type":"","background-media":"","overlay-type":"","overlay-color":"","overlay-opacity":"","overlay-gradient":""},"mobile":{"background-color":"var(--ast-global-color-5)","background-image":"","background-repeat":"repeat","background-position":"center center","background-size":"auto","background-attachment":"scroll","background-type":"","background-media":"","overlay-type":"","overlay-color":"","overlay-opacity":"","overlay-gradient":""}},"footnotes":""},"class_list":["post-554","page","type-page","status-publish","has-post-thumbnail","hentry"],"_links":{"self":[{"href":"https:\/\/hotelmartinez-balaruc.fr\/en\/wp-json\/wp\/v2\/pages\/554","targetHints":{"allow":["GET"]}}],"collection":[{"href":"https:\/\/hotelmartinez-balaruc.fr\/en\/wp-json\/wp\/v2\/pages"}],"about":[{"href":"https:\/\/hotelmartinez-balaruc.fr\/en\/wp-json\/wp\/v2\/types\/page"}],"author":[{"embeddable":true,"href":"https:\/\/hotelmartinez-balaruc.fr\/en\/wp-json\/wp\/v2\/users\/2"}],"replies":[{"embeddable":true,"href":"https:\/\/hotelmartinez-balaruc.fr\/en\/wp-json\/wp\/v2\/comments?post=554"}],"version-history":[{"count":0,"href":"https:\/\/hotelmartinez-balaruc.fr\/en\/wp-json\/wp\/v2\/pages\/554\/revisions"}],"wp:featuredmedia":[{"embeddable":true,"href":"https:\/\/hotelmartinez-balaruc.fr\/en\/wp-json\/wp\/v2\/media\/550"}],"wp:attachment":[{"href":"https:\/\/hotelmartinez-balaruc.fr\/en\/wp-json\/wp\/v2\/media?parent=554"}],"curies":[{"name":"wp","href":"https:\/\/api.w.org\/{rel}","templated":true}]}}