{"id":525,"date":"2022-05-13T14:08:03","date_gmt":"2022-05-13T12:08:03","guid":{"rendered":"http:\/\/hotelmartinez-balaruc.fr\/?page_id=525"},"modified":"2026-03-06T15:30:32","modified_gmt":"2026-03-06T14:30:32","slug":"le-restaurant","status":"publish","type":"page","link":"https:\/\/hotelmartinez-balaruc.fr\/en\/le-restaurant\/","title":{"rendered":"The restaurant"},"content":{"rendered":"<h2>\n\t\t\t\tOur restaurant\n\t\t\t<\/h2>\n\t\t\t<p>Our rooms are air-conditioned during the summer period...<\/p>\t\n\t<p>We offer a variety of menus with shellfish, fish and meat. All our dishes are home made. Services on the terrace or in the garden during the summer. The restaurant is open to people from outside the hotel.<\/p>\n\t\t\t\t\t\t<figure>\n\t\t\t\t\t\t\t<img loading=\"lazy\" decoding=\"async\" src=\"https:\/\/hotelmartinez-balaruc.fr\/wp-content\/uploads\/2022\/05\/photo1.jpg\" alt=\"\" srcset=\"https:\/\/hotelmartinez-balaruc.fr\/wp-content\/uploads\/2022\/05\/photo1.jpg 800w, https:\/\/hotelmartinez-balaruc.fr\/wp-content\/uploads\/2022\/05\/photo1-300x225.jpg 300w, https:\/\/hotelmartinez-balaruc.fr\/wp-content\/uploads\/2022\/05\/photo1-768x576.jpg 768w\" width=\"800\" height=\"600\" \/>\n\t\t\t\t\t\t\t\t\t\t\t\t\t<\/figure>\n\t\t\t\t\t\t<figure>\n\t\t\t\t\t\t\t<img loading=\"lazy\" decoding=\"async\" src=\"https:\/\/hotelmartinez-balaruc.fr\/wp-content\/uploads\/2022\/05\/photo2.jpg\" alt=\"\" srcset=\"https:\/\/hotelmartinez-balaruc.fr\/wp-content\/uploads\/2022\/05\/photo2.jpg 800w, https:\/\/hotelmartinez-balaruc.fr\/wp-content\/uploads\/2022\/05\/photo2-300x225.jpg 300w, https:\/\/hotelmartinez-balaruc.fr\/wp-content\/uploads\/2022\/05\/photo2-768x576.jpg 768w\" width=\"800\" height=\"600\" \/>\n\t\t\t\t\t\t\t\t\t\t\t\t\t<\/figure>\n\t\t\t\t\t\t<figure>\n\t\t\t\t\t\t\t<img loading=\"lazy\" decoding=\"async\" src=\"https:\/\/hotelmartinez-balaruc.fr\/wp-content\/uploads\/2022\/05\/photo3-1.jpg\" alt=\"\" srcset=\"https:\/\/hotelmartinez-balaruc.fr\/wp-content\/uploads\/2022\/05\/photo3-1.jpg 800w, https:\/\/hotelmartinez-balaruc.fr\/wp-content\/uploads\/2022\/05\/photo3-1-300x225.jpg 300w, https:\/\/hotelmartinez-balaruc.fr\/wp-content\/uploads\/2022\/05\/photo3-1-768x576.jpg 768w, https:\/\/hotelmartinez-balaruc.fr\/wp-content\/uploads\/2022\/05\/photo3-1-16x12.jpg 16w\" width=\"800\" height=\"600\" \/>\n\t\t\t\t\t\t\t\t\t\t\t\t\t<\/figure>\n\t\t\t\t\t\t<figure>\n\t\t\t\t\t\t\t<img loading=\"lazy\" decoding=\"async\" src=\"https:\/\/hotelmartinez-balaruc.fr\/wp-content\/uploads\/2022\/05\/photo4.jpg\" alt=\"\" srcset=\"https:\/\/hotelmartinez-balaruc.fr\/wp-content\/uploads\/2022\/05\/photo4.jpg 800w, https:\/\/hotelmartinez-balaruc.fr\/wp-content\/uploads\/2022\/05\/photo4-300x225.jpg 300w, https:\/\/hotelmartinez-balaruc.fr\/wp-content\/uploads\/2022\/05\/photo4-768x576.jpg 768w, https:\/\/hotelmartinez-balaruc.fr\/wp-content\/uploads\/2022\/05\/photo4-16x12.jpg 16w\" width=\"800\" height=\"600\" \/>\n\t\t\t\t\t\t\t\t\t\t\t\t\t<\/figure>\n\t\t\t\t\t\t<figure>\n\t\t\t\t\t\t\t<img loading=\"lazy\" decoding=\"async\" src=\"https:\/\/hotelmartinez-balaruc.fr\/wp-content\/uploads\/2022\/05\/photo5.jpg\" alt=\"\" srcset=\"https:\/\/hotelmartinez-balaruc.fr\/wp-content\/uploads\/2022\/05\/photo5.jpg 800w, https:\/\/hotelmartinez-balaruc.fr\/wp-content\/uploads\/2022\/05\/photo5-300x225.jpg 300w, https:\/\/hotelmartinez-balaruc.fr\/wp-content\/uploads\/2022\/05\/photo5-768x576.jpg 768w, https:\/\/hotelmartinez-balaruc.fr\/wp-content\/uploads\/2022\/05\/photo5-16x12.jpg 16w\" width=\"800\" height=\"600\" \/>\n\t\t\t\t\t\t\t\t\t\t\t\t\t<\/figure>\n\t\t\t\t\t\t<figure>\n\t\t\t\t\t\t\t<img loading=\"lazy\" decoding=\"async\" src=\"https:\/\/hotelmartinez-balaruc.fr\/wp-content\/uploads\/2022\/05\/photo6.jpg\" alt=\"\" srcset=\"https:\/\/hotelmartinez-balaruc.fr\/wp-content\/uploads\/2022\/05\/photo6.jpg 800w, https:\/\/hotelmartinez-balaruc.fr\/wp-content\/uploads\/2022\/05\/photo6-300x225.jpg 300w, https:\/\/hotelmartinez-balaruc.fr\/wp-content\/uploads\/2022\/05\/photo6-768x576.jpg 768w, https:\/\/hotelmartinez-balaruc.fr\/wp-content\/uploads\/2022\/05\/photo6-16x12.jpg 16w\" width=\"800\" height=\"600\" \/>\n\t\t\t\t\t\t\t\t\t\t\t\t\t<\/figure>\n\t\t\t\t\t<!-- navigation arrows -->\n\t\t<button aria-label=\"Previous slide\" role=\"button\" tabindex=\"0\">\n\t\t\t\t\t<\/button>\n\t\t<button aria-label=\"Next slide\" role=\"button\" tabindex=\"0\">\n\t\t\t\t\t<\/button>\n\t\t<h6>Practical information<\/h6>\t\t\t\n\t\t\t\t<p>French cuisine<\/p>\n\t\t<h6>Services<\/h6>\t\t\t\n\t\t\t\t<p>Air-conditioning, patio, garden terrace, possibility of private room<\/p>\n\t\t<h6>Payments<\/h6>\t\t\t\n\t\t\t\t<p>CB, Cheque, Cash, luncheon vouchers, contactless payment, mobile payment, American Express.<\/p>\n\t\t<h6>Timetable<\/h6>\t\t\t\n\t\t\t\t<p>Ouvert tous les jours du 15 Mars 2026 au 29 novembre 2026 &#8211; Ouverture\u00a0 le jour de l&rsquo;an\u00a0 \u00a0(Menu Sp\u00e9cial)<\/p>\n<figure data-animation-delay=\"0\" data-animation-duration=\"1\" itemscope itemtype=\"https:\/\/schema.org\/ImageObject\">\n\t\t\t\t<img decoding=\"async\" src=\"http:\/\/hotelmartinez-balaruc.fr\/wp-content\/uploads\/2022\/05\/separateur.jpg\" alt=\"separateur\" title=\"separator\" onerror=\"this.style.display='none'\" loading=\"lazy\" \/>\n\t<\/figure>\n\t<h2>\n\t\t\t\tOur menus\n\t\t\t<\/h2>\n\t\t\t\t<img decoding=\"async\" src=\"https:\/\/hotelmartinez-balaruc.fr\/wp-content\/uploads\/2022\/05\/menu22-box.jpg\" alt=\"menu22-box\"\/>\n\t\t\t<h3>Menu at <br \/>23\u20ac<\/h3>\n\t\t<a href=\"http:\/\/hotelmartinez-balaruc.fr\/en\/les-menus\/#menu22\" target=\"_self\"  aria-label=\"Aller \u00e0 http:\/\/hotelmartinez-balaruc.fr\/les-menus\/#menu22\"><\/a>\n\t\t\t\t<img decoding=\"async\" src=\"https:\/\/hotelmartinez-balaruc.fr\/wp-content\/uploads\/2022\/05\/menu27-box.jpg\" alt=\"menu27-box\"\/>\n\t\t\t<h3>Menu at <br \/>28\u20ac<\/h3>\n\t\t<a href=\"http:\/\/hotelmartinez-balaruc.fr\/en\/les-menus\/#menu27\" target=\"_self\"  aria-label=\"Aller \u00e0 http:\/\/hotelmartinez-balaruc.fr\/les-menus\/#menu27\"><\/a>\n\t\t\t\t<img decoding=\"async\" src=\"https:\/\/hotelmartinez-balaruc.fr\/wp-content\/uploads\/2022\/05\/menu35-box.jpg\" alt=\"menu35-box\"\/>\n\t\t\t<h3>Menu at<br \/>38\u20ac<\/h3>\n\t\t<a href=\"http:\/\/hotelmartinez-balaruc.fr\/en\/les-menus\/#menu35\" target=\"_self\"  aria-label=\"Aller \u00e0 http:\/\/hotelmartinez-balaruc.fr\/les-menus\/#menu35\"><\/a>\n\t\t\t\t<img decoding=\"async\" src=\"http:\/\/hotelmartinez-balaruc.fr\/wp-content\/uploads\/2022\/05\/entrecote.jpg\" alt=\"entrecote\"\/>\n\t\t\t<h3>Children's menu<\/h3>\n\t\t<a href=\"http:\/\/hotelmartinez-balaruc.fr\/en\/les-menus\/#menuenfant\" target=\"_self\"  aria-label=\"Aller \u00e0 http:\/\/hotelmartinez-balaruc.fr\/les-menus\/#menuenfant\"><\/a>","protected":false},"excerpt":{"rendered":"<p>Notre restaurant Nos salles sont climatis\u00e9es pendant la p\u00e9riode estivale&#8230; Nous proposons plusieurs menus aux choix vari\u00e9s avec coquillages poissons et viandes. Tous nos plats sont fait maison. Services en terrasse ou jardin pendant la p\u00e9riode estivale. Restaurant ouvert aux personnes ext\u00e9rieures \u00e0 l&rsquo;h\u00f4tel. Infos pratiques Cuisine fran\u00e7aise Services Climatisation, patio, terrasse sur jardin, possibilit\u00e9 [&hellip;]<\/p>\n","protected":false},"author":2,"featured_media":550,"parent":0,"menu_order":0,"comment_status":"closed","ping_status":"closed","template":"","meta":{"_seopress_robots_primary_cat":"","_seopress_titles_title":"","_seopress_titles_desc":"Nous nous situons \u00e0 quelques minutes du nouveau centre thermal. Tenue depuis 3 g\u00e9n\u00e9rations, cette maison de ma\u00eetre du XVI si\u00e8cle, vous propose des plats de qualit\u00e9 fa\u00e7onn\u00e9s maison.","_seopress_robots_index":"","inline_featured_image":false,"site-sidebar-layout":"no-sidebar","site-content-layout":"page-builder","ast-site-content-layout":"default","site-content-style":"default","site-sidebar-style":"default","ast-global-header-display":"","ast-banner-title-visibility":"","ast-main-header-display":"","ast-hfb-above-header-display":"","ast-hfb-below-header-display":"","ast-hfb-mobile-header-display":"","site-post-title":"disabled","ast-breadcrumbs-content":"","ast-featured-img":"disabled","footer-sml-layout":"","ast-disable-related-posts":"","theme-transparent-header-meta":"default","adv-header-id-meta":"","stick-header-meta":"default","header-above-stick-meta":"","header-main-stick-meta":"","header-below-stick-meta":"","astra-migrate-meta-layouts":"default","ast-page-background-enabled":"default","ast-page-background-meta":{"desktop":{"background-color":"","background-image":"","background-repeat":"repeat","background-position":"center center","background-size":"auto","background-attachment":"scroll","background-type":"","background-media":"","overlay-type":"","overlay-color":"","overlay-opacity":"","overlay-gradient":""},"tablet":{"background-color":"","background-image":"","background-repeat":"repeat","background-position":"center center","background-size":"auto","background-attachment":"scroll","background-type":"","background-media":"","overlay-type":"","overlay-color":"","overlay-opacity":"","overlay-gradient":""},"mobile":{"background-color":"","background-image":"","background-repeat":"repeat","background-position":"center center","background-size":"auto","background-attachment":"scroll","background-type":"","background-media":"","overlay-type":"","overlay-color":"","overlay-opacity":"","overlay-gradient":""}},"ast-content-background-meta":{"desktop":{"background-color":"var(--ast-global-color-5)","background-image":"","background-repeat":"repeat","background-position":"center center","background-size":"auto","background-attachment":"scroll","background-type":"","background-media":"","overlay-type":"","overlay-color":"","overlay-opacity":"","overlay-gradient":""},"tablet":{"background-color":"var(--ast-global-color-5)","background-image":"","background-repeat":"repeat","background-position":"center center","background-size":"auto","background-attachment":"scroll","background-type":"","background-media":"","overlay-type":"","overlay-color":"","overlay-opacity":"","overlay-gradient":""},"mobile":{"background-color":"var(--ast-global-color-5)","background-image":"","background-repeat":"repeat","background-position":"center center","background-size":"auto","background-attachment":"scroll","background-type":"","background-media":"","overlay-type":"","overlay-color":"","overlay-opacity":"","overlay-gradient":""}},"footnotes":""},"class_list":["post-525","page","type-page","status-publish","has-post-thumbnail","hentry"],"_links":{"self":[{"href":"https:\/\/hotelmartinez-balaruc.fr\/en\/wp-json\/wp\/v2\/pages\/525","targetHints":{"allow":["GET"]}}],"collection":[{"href":"https:\/\/hotelmartinez-balaruc.fr\/en\/wp-json\/wp\/v2\/pages"}],"about":[{"href":"https:\/\/hotelmartinez-balaruc.fr\/en\/wp-json\/wp\/v2\/types\/page"}],"author":[{"embeddable":true,"href":"https:\/\/hotelmartinez-balaruc.fr\/en\/wp-json\/wp\/v2\/users\/2"}],"replies":[{"embeddable":true,"href":"https:\/\/hotelmartinez-balaruc.fr\/en\/wp-json\/wp\/v2\/comments?post=525"}],"version-history":[{"count":7,"href":"https:\/\/hotelmartinez-balaruc.fr\/en\/wp-json\/wp\/v2\/pages\/525\/revisions"}],"predecessor-version":[{"id":841,"href":"https:\/\/hotelmartinez-balaruc.fr\/en\/wp-json\/wp\/v2\/pages\/525\/revisions\/841"}],"wp:featuredmedia":[{"embeddable":true,"href":"https:\/\/hotelmartinez-balaruc.fr\/en\/wp-json\/wp\/v2\/media\/550"}],"wp:attachment":[{"href":"https:\/\/hotelmartinez-balaruc.fr\/en\/wp-json\/wp\/v2\/media?parent=525"}],"curies":[{"name":"wp","href":"https:\/\/api.w.org\/{rel}","templated":true}]}}